{"id":1051,"date":"2024-09-11T10:14:39","date_gmt":"2024-09-11T10:14:39","guid":{"rendered":"https:\/\/chicagofamilyhealth.org\/historiales-medicos\/"},"modified":"2025-05-29T14:03:06","modified_gmt":"2025-05-29T14:03:06","slug":"registros-medicos","status":"publish","type":"page","link":"https:\/\/chicagofamilyhealth.org\/es\/registros-medicos\/","title":{"rendered":"Historiales M\u00e9dicos"},"content":{"rendered":"","protected":false},"excerpt":{"rendered":"","protected":false},"author":1,"featured_media":0,"parent":0,"menu_order":34,"comment_status":"closed","ping_status":"closed","template":"page-template\/medical-records.php","meta":{"_acf_changed":false,"footnotes":""},"class_list":["post-1051","page","type-page","status-publish","hentry"],"acf":[],"yoast_head":"<!-- This site is optimized with the Yoast SEO plugin v25.1 - https:\/\/yoast.com\/wordpress\/plugins\/seo\/ -->\n<title>Historiales m\u00e9dicos - Chicago Family Health Center<\/title>\n<meta name=\"description\" content=\"Inf\u00f3rmate sobre c\u00f3mo solicitar, acceder y gestionar tus historiales m\u00e9dicos de forma segura a trav\u00e9s del Centro de Salud Familiar de Chicago.\" \/>\n<meta name=\"robots\" content=\"index, follow, max-snippet:-1, max-image-preview:large, max-video-preview:-1\" \/>\n<link rel=\"canonical\" href=\"https:\/\/chicagofamilyhealth.org\/es\/registros-medicos\/\" \/>\n<meta property=\"og:locale\" content=\"es_ES\" \/>\n<meta property=\"og:type\" content=\"article\" \/>\n<meta property=\"og:title\" content=\"Historiales m\u00e9dicos - Chicago Family Health Center\" \/>\n<meta property=\"og:description\" content=\"Inf\u00f3rmate sobre c\u00f3mo solicitar, acceder y gestionar tus historiales m\u00e9dicos de forma segura a trav\u00e9s del Centro de Salud Familiar de Chicago.\" \/>\n<meta property=\"og:url\" content=\"https:\/\/chicagofamilyhealth.org\/es\/registros-medicos\/\" \/>\n<meta property=\"og:site_name\" content=\"Chicago Family Health Center\" \/>\n<meta property=\"article:modified_time\" content=\"2025-05-29T14:03:06+00:00\" \/>\n<meta name=\"twitter:card\" content=\"summary_large_image\" \/>\n<script type=\"application\/ld+json\" class=\"yoast-schema-graph\">{\"@context\":\"https:\/\/schema.org\",\"@graph\":[{\"@type\":\"WebPage\",\"@id\":\"https:\/\/chicagofamilyhealth.org\/es\/registros-medicos\/\",\"url\":\"https:\/\/chicagofamilyhealth.org\/es\/registros-medicos\/\",\"name\":\"Historiales m\u00e9dicos - Chicago Family Health Center\",\"isPartOf\":{\"@id\":\"https:\/\/chicagofamilyhealth.org\/es\/#website\"},\"datePublished\":\"2024-09-11T10:14:39+00:00\",\"dateModified\":\"2025-05-29T14:03:06+00:00\",\"description\":\"Inf\u00f3rmate sobre c\u00f3mo solicitar, acceder y gestionar tus historiales m\u00e9dicos de forma segura a trav\u00e9s del Centro de Salud Familiar de Chicago.\",\"breadcrumb\":{\"@id\":\"https:\/\/chicagofamilyhealth.org\/es\/registros-medicos\/#breadcrumb\"},\"inLanguage\":\"es\",\"potentialAction\":[{\"@type\":\"ReadAction\",\"target\":[\"https:\/\/chicagofamilyhealth.org\/es\/registros-medicos\/\"]}]},{\"@type\":\"BreadcrumbList\",\"@id\":\"https:\/\/chicagofamilyhealth.org\/es\/registros-medicos\/#breadcrumb\",\"itemListElement\":[{\"@type\":\"ListItem\",\"position\":1,\"name\":\"Home\",\"item\":\"https:\/\/chicagofamilyhealth.org\/es\/\"},{\"@type\":\"ListItem\",\"position\":2,\"name\":\"Historiales M\u00e9dicos\"}]},{\"@type\":\"WebSite\",\"@id\":\"https:\/\/chicagofamilyhealth.org\/es\/#website\",\"url\":\"https:\/\/chicagofamilyhealth.org\/es\/\",\"name\":\"Chicago Family Health Center\",\"description\":\"Quality medical care, that\u2019s close to home.\",\"potentialAction\":[{\"@type\":\"SearchAction\",\"target\":{\"@type\":\"EntryPoint\",\"urlTemplate\":\"https:\/\/chicagofamilyhealth.org\/es\/?s={search_term_string}\"},\"query-input\":{\"@type\":\"PropertyValueSpecification\",\"valueRequired\":true,\"valueName\":\"search_term_string\"}}],\"inLanguage\":\"es\"}]}<\/script>\n<!-- \/ Yoast SEO plugin. -->","yoast_head_json":{"title":"Historiales m\u00e9dicos - Chicago Family Health Center","description":"Inf\u00f3rmate sobre c\u00f3mo solicitar, acceder y gestionar tus historiales m\u00e9dicos de forma segura a trav\u00e9s del Centro de Salud Familiar de Chicago.","robots":{"index":"index","follow":"follow","max-snippet":"max-snippet:-1","max-image-preview":"max-image-preview:large","max-video-preview":"max-video-preview:-1"},"canonical":"https:\/\/chicagofamilyhealth.org\/es\/registros-medicos\/","og_locale":"es_ES","og_type":"article","og_title":"Historiales m\u00e9dicos - Chicago Family Health Center","og_description":"Inf\u00f3rmate sobre c\u00f3mo solicitar, acceder y gestionar tus historiales m\u00e9dicos de forma segura a trav\u00e9s del Centro de Salud Familiar de Chicago.","og_url":"https:\/\/chicagofamilyhealth.org\/es\/registros-medicos\/","og_site_name":"Chicago Family Health Center","article_modified_time":"2025-05-29T14:03:06+00:00","twitter_card":"summary_large_image","schema":{"@context":"https:\/\/schema.org","@graph":[{"@type":"WebPage","@id":"https:\/\/chicagofamilyhealth.org\/es\/registros-medicos\/","url":"https:\/\/chicagofamilyhealth.org\/es\/registros-medicos\/","name":"Historiales m\u00e9dicos - Chicago Family Health Center","isPartOf":{"@id":"https:\/\/chicagofamilyhealth.org\/es\/#website"},"datePublished":"2024-09-11T10:14:39+00:00","dateModified":"2025-05-29T14:03:06+00:00","description":"Inf\u00f3rmate sobre c\u00f3mo solicitar, acceder y gestionar tus historiales m\u00e9dicos de forma segura a trav\u00e9s del Centro de Salud Familiar de Chicago.","breadcrumb":{"@id":"https:\/\/chicagofamilyhealth.org\/es\/registros-medicos\/#breadcrumb"},"inLanguage":"es","potentialAction":[{"@type":"ReadAction","target":["https:\/\/chicagofamilyhealth.org\/es\/registros-medicos\/"]}]},{"@type":"BreadcrumbList","@id":"https:\/\/chicagofamilyhealth.org\/es\/registros-medicos\/#breadcrumb","itemListElement":[{"@type":"ListItem","position":1,"name":"Home","item":"https:\/\/chicagofamilyhealth.org\/es\/"},{"@type":"ListItem","position":2,"name":"Historiales M\u00e9dicos"}]},{"@type":"WebSite","@id":"https:\/\/chicagofamilyhealth.org\/es\/#website","url":"https:\/\/chicagofamilyhealth.org\/es\/","name":"Chicago Family Health Center","description":"Quality medical care, that\u2019s close to home.","potentialAction":[{"@type":"SearchAction","target":{"@type":"EntryPoint","urlTemplate":"https:\/\/chicagofamilyhealth.org\/es\/?s={search_term_string}"},"query-input":{"@type":"PropertyValueSpecification","valueRequired":true,"valueName":"search_term_string"}}],"inLanguage":"es"}]}},"_links":{"self":[{"href":"https:\/\/chicagofamilyhealth.org\/es\/wp-json\/wp\/v2\/pages\/1051","targetHints":{"allow":["GET"]}}],"collection":[{"href":"https:\/\/chicagofamilyhealth.org\/es\/wp-json\/wp\/v2\/pages"}],"about":[{"href":"https:\/\/chicagofamilyhealth.org\/es\/wp-json\/wp\/v2\/types\/page"}],"author":[{"embeddable":true,"href":"https:\/\/chicagofamilyhealth.org\/es\/wp-json\/wp\/v2\/users\/1"}],"replies":[{"embeddable":true,"href":"https:\/\/chicagofamilyhealth.org\/es\/wp-json\/wp\/v2\/comments?post=1051"}],"version-history":[{"count":0,"href":"https:\/\/chicagofamilyhealth.org\/es\/wp-json\/wp\/v2\/pages\/1051\/revisions"}],"wp:attachment":[{"href":"https:\/\/chicagofamilyhealth.org\/es\/wp-json\/wp\/v2\/media?parent=1051"}],"curies":[{"name":"wp","href":"https:\/\/api.w.org\/{rel}","templated":true}]}}